{"id":16325,"date":"2021-08-27T13:56:22","date_gmt":"2021-08-27T11:56:22","guid":{"rendered":"https:\/\/www.era-fit.com\/?post_type=product&#038;p=16325"},"modified":"2023-09-07T12:16:50","modified_gmt":"2023-09-07T10:16:50","slug":"reep-adapter","status":"publish","type":"product","link":"https:\/\/www.era-fit.com\/en\/product\/reep-adapter\/","title":{"rendered":"REEP adapter"},"content":{"rendered":"\t\t<div data-elementor-type=\"product-post\" data-elementor-id=\"16325\" class=\"elementor elementor-16325 elementor-13817\" data-elementor-post-type=\"product\">\n\t\t\t\t\t\t<section class=\"wd-negative-gap elementor-section elementor-top-section elementor-element elementor-element-914e2e9 elementor-section-boxed elementor-section-height-default elementor-section-height-default\" data-id=\"914e2e9\" data-element_type=\"section\">\n\t\t\t\t\t\t<div class=\"elementor-container elementor-column-gap-default\">\n\t\t\t\t\t<div class=\"elementor-column elementor-col-100 elementor-top-column elementor-element elementor-element-211946b\" data-id=\"211946b\" data-element_type=\"column\">\n\t\t\t<div class=\"elementor-widget-wrap elementor-element-populated\">\n\t\t\t\t\t\t<div class=\"elementor-element elementor-element-579bea5 elementor-widget elementor-widget-menu-anchor\" data-id=\"579bea5\" data-element_type=\"widget\" data-widget_type=\"menu-anchor.default\">\n\t\t\t\t<div class=\"elementor-widget-container\">\n\t\t\t\t\t\t\t<div class=\"elementor-menu-anchor\" id=\"reepvideo\"><\/div>\n\t\t\t\t\t\t<\/div>\n\t\t\t\t<\/div>\n\t\t\t\t\t<\/div>\n\t\t<\/div>\n\t\t\t\t\t<\/div>\n\t\t<\/section>\n\t\t\t\t<section class=\"wd-negative-gap elementor-section elementor-top-section elementor-element elementor-element-898f7e0 elementor-section-boxed elementor-section-height-default elementor-section-height-default\" data-id=\"898f7e0\" data-element_type=\"section\">\n\t\t\t\t\t\t<div class=\"elementor-container elementor-column-gap-default\">\n\t\t\t\t\t<div class=\"elementor-column elementor-col-50 elementor-top-column elementor-element elementor-element-6a47100\" data-id=\"6a47100\" data-element_type=\"column\">\n\t\t\t<div class=\"elementor-widget-wrap elementor-element-populated\">\n\t\t\t\t\t\t<div class=\"elementor-element elementor-element-e93a0e1 elementor-widget elementor-widget-menu-anchor\" data-id=\"e93a0e1\" data-element_type=\"widget\" data-widget_type=\"menu-anchor.default\">\n\t\t\t\t<div class=\"elementor-widget-container\">\n\t\t\t\t\t\t\t<div class=\"elementor-menu-anchor\" id=\"reepvideo\"><\/div>\n\t\t\t\t\t\t<\/div>\n\t\t\t\t<\/div>\n\t\t\t\t<div class=\"elementor-element elementor-element-cba9426 elementor-widget elementor-widget-video\" data-id=\"cba9426\" data-element_type=\"widget\" data-settings=\"{&quot;video_type&quot;:&quot;vimeo&quot;}\" data-widget_type=\"video.default\">\n\t\t\t\t<div class=\"elementor-widget-container\">\n\t\t\t\t\t\t\t<div class=\"elementor-wrapper elementor-open-inline\">\n\t\t\t<iframe class=\"elementor-video-iframe\" allowfullscreen allow=\"clipboard-write\" title=\"vimeo Video Player\" src=\"https:\/\/player.vimeo.com\/video\/674083271?color&amp;autopause=0&amp;loop=0&amp;muted=0&amp;title=0&amp;portrait=0&amp;byline=0#t=\"><\/iframe>\t\t<\/div>\n\t\t\t\t\t\t<\/div>\n\t\t\t\t<\/div>\n\t\t\t\t\t<\/div>\n\t\t<\/div>\n\t\t\t\t<div class=\"elementor-column elementor-col-50 elementor-top-column elementor-element elementor-element-ee5b4bb\" data-id=\"ee5b4bb\" data-element_type=\"column\">\n\t\t\t<div class=\"elementor-widget-wrap elementor-element-populated\">\n\t\t\t\t\t\t<div class=\"elementor-element elementor-element-24271ad color-scheme-inherit text-left elementor-widget elementor-widget-text-editor\" data-id=\"24271ad\" data-element_type=\"widget\" data-widget_type=\"text-editor.default\">\n\t\t\t\t<div class=\"elementor-widget-container\">\n\t\t\t\t\t\t\t\t\t<div class=\"woocommerce-product-details__short-description\"><p>Der REEP Adapter optimiert deinen Trainingsradius und erm\u00f6glicht dir eine <strong>Vielzahl neuer \u00dcbungen<\/strong>, zum Einsatz kommt er bei <strong>vielen Bizeps, Trizeps<\/strong> und <strong>Schulter\u00fcbungen<\/strong>, die eine <strong>flexible Position<\/strong> des Zuggewichts voraussetzen.<\/p><p>Dieser \u201cSling\u201d Adapter erzeugt ein sogenanntes Kr\u00e4ftedreieck welches die Kraft am SZ Adapter und dem Ring in der Handschlaufe gleichm\u00e4\u00dfig verteilt, au\u00dferdem erg\u00e4nzt dieser Adapter den Lockadapter perfekt bei Verwendung beider Eragrip`s.<\/p><\/div><p><strong>Jetzt Upgrade auf eine Vielzahl neuer effektiver \u00dcbungen durchf\u00fchren mit dem REEP Adapter!<\/strong><\/p>\t\t\t\t\t\t\t\t<\/div>\n\t\t\t\t<\/div>\n\t\t\t\t\t<\/div>\n\t\t<\/div>\n\t\t\t\t\t<\/div>\n\t\t<\/section>\n\t\t\t\t<\/div>\n\t\t","protected":false},"excerpt":{"rendered":"<p>The REEP adapter is designed to maximise your training radius and allow you to perform a variety of new exercises. It is used for many biceps, triceps and shoulder exercises that require some flexibility in the position of the pull weight.<\/p>\n<p>This \u201csling\u201d adapter creates what is known as a triangle of forces, which distributes the force evenly on the SZ adapter and the ring in the wrist strap; what&#8217;s more, this adapter complements the lock adapter almost perfectly when using a pair of Eragrips.<\/p>\n","protected":false},"featured_media":17588,"comment_status":"open","ping_status":"closed","template":"","meta":[],"product_brand":[],"product_cat":[136,102],"product_tag":[],"giftcard-category":[],"class_list":{"0":"post-16325","1":"product","2":"type-product","3":"status-publish","4":"has-post-thumbnail","6":"product_cat-adapter-en","7":"product_cat-accessories","8":"product_shipping_class-eragrip-accessories","10":"first","11":"instock","12":"sale","13":"taxable","14":"shipping-taxable","15":"purchasable","16":"product-type-simple"},"yoast_head":"<!-- This site is optimized with the Yoast SEO plugin v26.9 - https:\/\/yoast.com\/product\/yoast-seo-wordpress\/ -->\n<title>REEP adapter - ERA-FIT | NEXTRING<\/title>\n<meta name=\"robots\" content=\"index, follow, max-snippet:-1, max-image-preview:large, max-video-preview:-1\" \/>\n<link rel=\"canonical\" href=\"https:\/\/www.era-fit.com\/en\/product\/reep-adapter\/\" \/>\n<meta property=\"og:locale\" content=\"en_US\" \/>\n<meta property=\"og:type\" content=\"article\" \/>\n<meta property=\"og:title\" content=\"REEP adapter - ERA-FIT | NEXTRING\" \/>\n<meta property=\"og:description\" content=\"The REEP adapter is designed to maximise your training radius and allow you to perform a variety of new exercises. It is used for many biceps, triceps and shoulder exercises that require some flexibility in the position of the pull weight.  This \u201csling\u201d adapter creates what is known as a triangle of forces, which distributes the force evenly on the SZ adapter and the ring in the wrist strap; what&#039;s more, this adapter complements the lock adapter almost perfectly when using a pair of Eragrips.\" \/>\n<meta property=\"og:url\" content=\"https:\/\/www.era-fit.com\/en\/product\/reep-adapter\/\" \/>\n<meta property=\"og:site_name\" content=\"ERA-FIT | NEXTRING\" \/>\n<meta property=\"article:publisher\" content=\"https:\/\/www.facebook.com\/ERAgrip\" \/>\n<meta property=\"article:modified_time\" content=\"2023-09-07T10:16:50+00:00\" \/>\n<meta property=\"og:image\" content=\"https:\/\/www.era-fit.com\/wp-content\/uploads\/reepadapter-eragrip-1.jpg\" \/>\n\t<meta property=\"og:image:width\" content=\"2048\" \/>\n\t<meta property=\"og:image:height\" content=\"2048\" \/>\n\t<meta property=\"og:image:type\" content=\"image\/jpeg\" \/>\n<meta name=\"twitter:card\" content=\"summary_large_image\" \/>\n<script type=\"application\/ld+json\" class=\"yoast-schema-graph\">{\"@context\":\"https:\/\/schema.org\",\"@graph\":[{\"@type\":\"WebPage\",\"@id\":\"https:\/\/www.era-fit.com\/en\/product\/reep-adapter\/\",\"url\":\"https:\/\/www.era-fit.com\/en\/product\/reep-adapter\/\",\"name\":\"REEP adapter - ERA-FIT | NEXTRING\",\"isPartOf\":{\"@id\":\"https:\/\/www.era-fit.com\/en\/#website\"},\"primaryImageOfPage\":{\"@id\":\"https:\/\/www.era-fit.com\/en\/product\/reep-adapter\/#primaryimage\"},\"image\":{\"@id\":\"https:\/\/www.era-fit.com\/en\/product\/reep-adapter\/#primaryimage\"},\"thumbnailUrl\":\"https:\/\/www.era-fit.com\/wp-content\/uploads\/reepadapter-eragrip-1.jpg\",\"datePublished\":\"2021-08-27T11:56:22+00:00\",\"dateModified\":\"2023-09-07T10:16:50+00:00\",\"breadcrumb\":{\"@id\":\"https:\/\/www.era-fit.com\/en\/product\/reep-adapter\/#breadcrumb\"},\"inLanguage\":\"en-US\",\"potentialAction\":[{\"@type\":\"ReadAction\",\"target\":[\"https:\/\/www.era-fit.com\/en\/product\/reep-adapter\/\"]}]},{\"@type\":\"ImageObject\",\"inLanguage\":\"en-US\",\"@id\":\"https:\/\/www.era-fit.com\/en\/product\/reep-adapter\/#primaryimage\",\"url\":\"https:\/\/www.era-fit.com\/wp-content\/uploads\/reepadapter-eragrip-1.jpg\",\"contentUrl\":\"https:\/\/www.era-fit.com\/wp-content\/uploads\/reepadapter-eragrip-1.jpg\",\"width\":2048,\"height\":2048},{\"@type\":\"BreadcrumbList\",\"@id\":\"https:\/\/www.era-fit.com\/en\/product\/reep-adapter\/#breadcrumb\",\"itemListElement\":[{\"@type\":\"ListItem\",\"position\":1,\"name\":\"ERA-FIT\",\"item\":\"https:\/\/www.era-fit.com\/en\/?page_id=43795\"},{\"@type\":\"ListItem\",\"position\":2,\"name\":\"Shop\",\"item\":\"https:\/\/www.era-fit.com\/en\/shop-2\/\"},{\"@type\":\"ListItem\",\"position\":3,\"name\":\"REEP adapter\"}]},{\"@type\":\"WebSite\",\"@id\":\"https:\/\/www.era-fit.com\/en\/#website\",\"url\":\"https:\/\/www.era-fit.com\/en\/\",\"name\":\"Fitnesstool ERAGRIP & NEXTRING\",\"description\":\"Dein Partner f\u00fcr innovative Gesundheitsprodukte\",\"publisher\":{\"@id\":\"https:\/\/www.era-fit.com\/en\/#organization\"},\"potentialAction\":[{\"@type\":\"SearchAction\",\"target\":{\"@type\":\"EntryPoint\",\"urlTemplate\":\"https:\/\/www.era-fit.com\/en\/?s={search_term_string}\"},\"query-input\":{\"@type\":\"PropertyValueSpecification\",\"valueRequired\":true,\"valueName\":\"search_term_string\"}}],\"inLanguage\":\"en-US\"},{\"@type\":\"Organization\",\"@id\":\"https:\/\/www.era-fit.com\/en\/#organization\",\"name\":\"ERA-FTT GmbH\",\"alternateName\":\"NEXTRING\",\"url\":\"https:\/\/www.era-fit.com\/en\/\",\"logo\":{\"@type\":\"ImageObject\",\"inLanguage\":\"en-US\",\"@id\":\"https:\/\/www.era-fit.com\/en\/#\/schema\/logo\/image\/\",\"url\":\"https:\/\/www.era-fit.com\/wp-content\/uploads\/erafit-fav25.jpg\",\"contentUrl\":\"https:\/\/www.era-fit.com\/wp-content\/uploads\/erafit-fav25.jpg\",\"width\":1288,\"height\":1287,\"caption\":\"ERA-FTT GmbH\"},\"image\":{\"@id\":\"https:\/\/www.era-fit.com\/en\/#\/schema\/logo\/image\/\"},\"sameAs\":[\"https:\/\/www.facebook.com\/ERAgrip\",\"https:\/\/www.instagram.com\/__erafit__\/\",\"https:\/\/www.youtube.com\/channel\/UCQmfUfZnMHyacc7vupYELLw\"]}]}<\/script>\n<!-- \/ Yoast SEO plugin. -->","yoast_head_json":{"title":"REEP adapter - ERA-FIT | NEXTRING","robots":{"index":"index","follow":"follow","max-snippet":"max-snippet:-1","max-image-preview":"max-image-preview:large","max-video-preview":"max-video-preview:-1"},"canonical":"https:\/\/www.era-fit.com\/en\/product\/reep-adapter\/","og_locale":"en_US","og_type":"article","og_title":"REEP adapter - ERA-FIT | NEXTRING","og_description":"The REEP adapter is designed to maximise your training radius and allow you to perform a variety of new exercises. It is used for many biceps, triceps and shoulder exercises that require some flexibility in the position of the pull weight.  This \u201csling\u201d adapter creates what is known as a triangle of forces, which distributes the force evenly on the SZ adapter and the ring in the wrist strap; what's more, this adapter complements the lock adapter almost perfectly when using a pair of Eragrips.","og_url":"https:\/\/www.era-fit.com\/en\/product\/reep-adapter\/","og_site_name":"ERA-FIT | NEXTRING","article_publisher":"https:\/\/www.facebook.com\/ERAgrip","article_modified_time":"2023-09-07T10:16:50+00:00","og_image":[{"width":2048,"height":2048,"url":"https:\/\/www.era-fit.com\/wp-content\/uploads\/reepadapter-eragrip-1.jpg","type":"image\/jpeg"}],"twitter_card":"summary_large_image","schema":{"@context":"https:\/\/schema.org","@graph":[{"@type":"WebPage","@id":"https:\/\/www.era-fit.com\/en\/product\/reep-adapter\/","url":"https:\/\/www.era-fit.com\/en\/product\/reep-adapter\/","name":"REEP adapter - ERA-FIT | NEXTRING","isPartOf":{"@id":"https:\/\/www.era-fit.com\/en\/#website"},"primaryImageOfPage":{"@id":"https:\/\/www.era-fit.com\/en\/product\/reep-adapter\/#primaryimage"},"image":{"@id":"https:\/\/www.era-fit.com\/en\/product\/reep-adapter\/#primaryimage"},"thumbnailUrl":"https:\/\/www.era-fit.com\/wp-content\/uploads\/reepadapter-eragrip-1.jpg","datePublished":"2021-08-27T11:56:22+00:00","dateModified":"2023-09-07T10:16:50+00:00","breadcrumb":{"@id":"https:\/\/www.era-fit.com\/en\/product\/reep-adapter\/#breadcrumb"},"inLanguage":"en-US","potentialAction":[{"@type":"ReadAction","target":["https:\/\/www.era-fit.com\/en\/product\/reep-adapter\/"]}]},{"@type":"ImageObject","inLanguage":"en-US","@id":"https:\/\/www.era-fit.com\/en\/product\/reep-adapter\/#primaryimage","url":"https:\/\/www.era-fit.com\/wp-content\/uploads\/reepadapter-eragrip-1.jpg","contentUrl":"https:\/\/www.era-fit.com\/wp-content\/uploads\/reepadapter-eragrip-1.jpg","width":2048,"height":2048},{"@type":"BreadcrumbList","@id":"https:\/\/www.era-fit.com\/en\/product\/reep-adapter\/#breadcrumb","itemListElement":[{"@type":"ListItem","position":1,"name":"ERA-FIT","item":"https:\/\/www.era-fit.com\/en\/?page_id=43795"},{"@type":"ListItem","position":2,"name":"Shop","item":"https:\/\/www.era-fit.com\/en\/shop-2\/"},{"@type":"ListItem","position":3,"name":"REEP adapter"}]},{"@type":"WebSite","@id":"https:\/\/www.era-fit.com\/en\/#website","url":"https:\/\/www.era-fit.com\/en\/","name":"Fitnesstool ERAGRIP & NEXTRING","description":"Dein Partner f\u00fcr innovative Gesundheitsprodukte","publisher":{"@id":"https:\/\/www.era-fit.com\/en\/#organization"},"potentialAction":[{"@type":"SearchAction","target":{"@type":"EntryPoint","urlTemplate":"https:\/\/www.era-fit.com\/en\/?s={search_term_string}"},"query-input":{"@type":"PropertyValueSpecification","valueRequired":true,"valueName":"search_term_string"}}],"inLanguage":"en-US"},{"@type":"Organization","@id":"https:\/\/www.era-fit.com\/en\/#organization","name":"ERA-FTT GmbH","alternateName":"NEXTRING","url":"https:\/\/www.era-fit.com\/en\/","logo":{"@type":"ImageObject","inLanguage":"en-US","@id":"https:\/\/www.era-fit.com\/en\/#\/schema\/logo\/image\/","url":"https:\/\/www.era-fit.com\/wp-content\/uploads\/erafit-fav25.jpg","contentUrl":"https:\/\/www.era-fit.com\/wp-content\/uploads\/erafit-fav25.jpg","width":1288,"height":1287,"caption":"ERA-FTT GmbH"},"image":{"@id":"https:\/\/www.era-fit.com\/en\/#\/schema\/logo\/image\/"},"sameAs":["https:\/\/www.facebook.com\/ERAgrip","https:\/\/www.instagram.com\/__erafit__\/","https:\/\/www.youtube.com\/channel\/UCQmfUfZnMHyacc7vupYELLw"]}]}},"_links":{"self":[{"href":"https:\/\/www.era-fit.com\/en\/wp-json\/wp\/v2\/product\/16325","targetHints":{"allow":["GET"]}}],"collection":[{"href":"https:\/\/www.era-fit.com\/en\/wp-json\/wp\/v2\/product"}],"about":[{"href":"https:\/\/www.era-fit.com\/en\/wp-json\/wp\/v2\/types\/product"}],"replies":[{"embeddable":true,"href":"https:\/\/www.era-fit.com\/en\/wp-json\/wp\/v2\/comments?post=16325"}],"version-history":[{"count":0,"href":"https:\/\/www.era-fit.com\/en\/wp-json\/wp\/v2\/product\/16325\/revisions"}],"wp:featuredmedia":[{"embeddable":true,"href":"https:\/\/www.era-fit.com\/en\/wp-json\/wp\/v2\/media\/17588"}],"wp:attachment":[{"href":"https:\/\/www.era-fit.com\/en\/wp-json\/wp\/v2\/media?parent=16325"}],"wp:term":[{"taxonomy":"product_brand","embeddable":true,"href":"https:\/\/www.era-fit.com\/en\/wp-json\/wp\/v2\/product_brand?post=16325"},{"taxonomy":"product_cat","embeddable":true,"href":"https:\/\/www.era-fit.com\/en\/wp-json\/wp\/v2\/product_cat?post=16325"},{"taxonomy":"product_tag","embeddable":true,"href":"https:\/\/www.era-fit.com\/en\/wp-json\/wp\/v2\/product_tag?post=16325"},{"taxonomy":"giftcard-category","embeddable":true,"href":"https:\/\/www.era-fit.com\/en\/wp-json\/wp\/v2\/giftcard-category?post=16325"}],"curies":[{"name":"wp","href":"https:\/\/api.w.org\/{rel}","templated":true}]}}